{"id":119,"date":"2022-12-20T12:06:47","date_gmt":"2022-12-20T11:06:47","guid":{"rendered":"https:\/\/pols.meil.pw.edu.pl\/?page_id=119"},"modified":"2022-12-21T14:41:04","modified_gmt":"2022-12-21T13:41:04","slug":"team","status":"publish","type":"page","link":"https:\/\/pols.meil.pw.edu.pl\/?page_id=119&lang=en","title":{"rendered":"Team"},"content":{"rendered":"\n<div class=\"wp-block-group is-vertical is-layout-flex wp-container-core-group-is-layout-8cf370e7 wp-block-group-is-layout-flex\">\n<h2 class=\"wp-block-heading\">dr in\u017c. Pawe\u0142 Baj<\/h2>\n\n\n\n<p><em>principal investigator<\/em><br><em>email: <a rel=\"noreferrer noopener\" href=\"mailto:pawel.baj@pw.edu.pl\" target=\"_blank\">pawel.baj@pw.edu.pl<\/a><\/em><\/p>\n\n\n\n<h4 class=\"wp-block-heading\">Tasks:<\/h4>\n\n\n\n<ul class=\"wp-block-list\">\n<li>project management <\/li>\n\n\n\n<li>preparation of the experimental setup<\/li>\n\n\n\n<li>validation of the experimental setup<\/li>\n\n\n\n<li>establishing the configuration of the experimental rig supporting the appearance of the structure<\/li>\n\n\n\n<li>conducting all experimental campaigns<\/li>\n\n\n\n<li>conducting analyses of the experimental data<\/li>\n\n\n\n<li>data management <\/li>\n\n\n\n<li>doordination of the cooperation with NTNU<\/li>\n<\/ul>\n<\/div>\n\n\n\n<div class=\"wp-block-group is-vertical is-layout-flex wp-container-core-group-is-layout-8cf370e7 wp-block-group-is-layout-flex\">\n<hr class=\"wp-block-separator has-alpha-channel-opacity is-style-default\"\/>\n\n\n\n<h2 class=\"wp-block-heading\">dr in\u017c. Tomasz Bobi\u0144ski<\/h2>\n\n\n\n<p><em>co-Investigator<br>email: <a rel=\"noreferrer noopener\" href=\"mailto:tomasz.bobinski@pw.edu.pl\" data-type=\"mailto\" data-id=\"mailto:tomasz.bobinski@pw.edu.pl\" target=\"_blank\">tomasz.bobinski@pw.edu.pl<\/a><\/em><\/p>\n\n\n\n<h4 class=\"wp-block-heading\">Tasks:<\/h4>\n\n\n\n<ul class=\"wp-block-list\">\n<li>assistance at preparing the experimental rig<\/li>\n\n\n\n<li>assistance at conducting all experimental campaigns <\/li>\n\n\n\n<li>assistance at experimental data analyses<\/li>\n<\/ul>\n<\/div>\n\n\n\n<div class=\"wp-block-group is-vertical is-layout-flex wp-container-core-group-is-layout-8cf370e7 wp-block-group-is-layout-flex\">\n<hr class=\"wp-block-separator has-alpha-channel-opacity\"\/>\n\n\n\n<h2 class=\"wp-block-heading\">mgr in\u017c. Konrad Gumowski<\/h2>\n\n\n\n<p>a<em>uxiliary post<br>email: <a rel=\"noreferrer noopener\" href=\"mailto:konrad.gumowski@pw.edu.pl\" data-type=\"mailto\" data-id=\"mailto:konrad.gumowski@pw.edu.pl\" target=\"_blank\"><\/a><a href=\"mailto:konrad.gumowski@pw.edu.pl\">konrad.gumowski@pw.edu.pl<\/a><\/em><\/p>\n\n\n\n<h4 class=\"wp-block-heading\">Tasks:<\/h4>\n\n\n\n<ul class=\"wp-block-list\">\n<li>assistance at building and testing the experimental rig<\/li>\n\n\n\n<li>assistance at running and maintaining the experimental rig<\/li>\n\n\n\n<li>assistance at preparing the stepper motors controlling software<\/li>\n<\/ul>\n<\/div>\n\n\n\n<div class=\"wp-block-group is-vertical is-layout-flex wp-container-core-group-is-layout-8cf370e7 wp-block-group-is-layout-flex\">\n<hr class=\"wp-block-separator has-alpha-channel-opacity\"\/>\n\n\n\n<h2 class=\"wp-block-heading\">in\u017c. Magdalena Majewska<\/h2>\n\n\n\n<p><em>administrative staff<br>email: <a rel=\"noreferrer noopener\" href=\"mailto:magdalena.majewska@pw.edu.pl\" data-type=\"mailto\" data-id=\"mailto:magdalena.majewska@pw.edu.pl\" target=\"_blank\">magdalena.majewska@pw.edu.pl<\/a><\/em><\/p>\n\n\n\n<h4 class=\"wp-block-heading\">Tasks:<\/h4>\n\n\n\n<ul class=\"wp-block-list\">\n<li>managing the administrative tasks related to the project (e.g. managing purchasing processes, help with travels organisation, assistance at reports preparation) <\/li>\n\n\n\n<li>managing the project website <\/li>\n\n\n\n<li>managing the communication plan<\/li>\n<\/ul>\n<\/div>\n\n\n\n<hr class=\"wp-block-separator has-alpha-channel-opacity\"\/>\n\n\n<p><!-- \/wp:post-content --><\/p>\n<p><!-- wp:image {\"align\":\"center\",\"id\":6,\"sizeSlug\":\"full\",\"linkDestination\":\"none\"} --><\/p>\n<figure class=\"wp-block-image aligncenter size-full\"><img data-recalc-dims=\"1\" loading=\"lazy\" decoding=\"async\" width=\"303\" height=\"125\" class=\"wp-image-6\" src=\"https:\/\/i0.wp.com\/pols.meil.pw.edu.pl\/wp-content\/uploads\/2022\/06\/pols.png?resize=303%2C125&#038;ssl=1\" alt=\"\" srcset=\"https:\/\/i0.wp.com\/pols.meil.pw.edu.pl\/wp-content\/uploads\/2022\/06\/pols.png?w=303&amp;ssl=1 303w, https:\/\/i0.wp.com\/pols.meil.pw.edu.pl\/wp-content\/uploads\/2022\/06\/pols.png?resize=300%2C124&amp;ssl=1 300w\" sizes=\"auto, (max-width: 303px) 100vw, 303px\" \/><\/figure>\n<p><!-- \/wp:image --><\/p>","protected":false},"excerpt":{"rendered":"<p>dr in\u017c. Pawe\u0142 Baj principal investigatoremail: pawel.baj@pw.edu.pl Tasks: dr in\u017c. Tomasz Bobi\u0144ski co-Investigatoremail: tomasz.bobinski@pw.edu.pl Tasks: mgr in\u017c. Konrad Gumowski auxiliary postemail: konrad.gumowski@pw.edu.pl Tasks: in\u017c. Magdalena Majewska administrative staffemail: magdalena.majewska@pw.edu.pl Tasks:<\/p>\n","protected":false},"author":2,"featured_media":0,"parent":0,"menu_order":0,"comment_status":"closed","ping_status":"closed","template":"page-templates\/full-width.php","meta":{"footnotes":""},"class_list":["post-119","page","type-page","status-publish","hentry"],"jetpack_sharing_enabled":true,"_links":{"self":[{"href":"https:\/\/pols.meil.pw.edu.pl\/index.php?rest_route=\/wp\/v2\/pages\/119","targetHints":{"allow":["GET"]}}],"collection":[{"href":"https:\/\/pols.meil.pw.edu.pl\/index.php?rest_route=\/wp\/v2\/pages"}],"about":[{"href":"https:\/\/pols.meil.pw.edu.pl\/index.php?rest_route=\/wp\/v2\/types\/page"}],"author":[{"embeddable":true,"href":"https:\/\/pols.meil.pw.edu.pl\/index.php?rest_route=\/wp\/v2\/users\/2"}],"replies":[{"embeddable":true,"href":"https:\/\/pols.meil.pw.edu.pl\/index.php?rest_route=%2Fwp%2Fv2%2Fcomments&post=119"}],"version-history":[{"count":6,"href":"https:\/\/pols.meil.pw.edu.pl\/index.php?rest_route=\/wp\/v2\/pages\/119\/revisions"}],"predecessor-version":[{"id":231,"href":"https:\/\/pols.meil.pw.edu.pl\/index.php?rest_route=\/wp\/v2\/pages\/119\/revisions\/231"}],"wp:attachment":[{"href":"https:\/\/pols.meil.pw.edu.pl\/index.php?rest_route=%2Fwp%2Fv2%2Fmedia&parent=119"}],"curies":[{"name":"wp","href":"https:\/\/api.w.org\/{rel}","templated":true}]}}