{"id":49,"date":"2022-12-20T12:00:51","date_gmt":"2022-12-20T11:00:51","guid":{"rendered":"https:\/\/pols.meil.pw.edu.pl\/?page_id=49"},"modified":"2022-12-21T14:41:26","modified_gmt":"2022-12-21T13:41:26","slug":"zespol","status":"publish","type":"page","link":"https:\/\/pols.meil.pw.edu.pl\/?page_id=49","title":{"rendered":"Zesp\u00f3\u0142"},"content":{"rendered":"\n<div class=\"wp-block-group is-vertical is-layout-flex wp-container-core-group-is-layout-8cf370e7 wp-block-group-is-layout-flex\">\n<h2 class=\"wp-block-heading\">dr in\u017c. Pawe\u0142 Baj<\/h2>\n\n\n\n<p><em>kierownik projektu<br>email: <a rel=\"noreferrer noopener\" href=\"mailto:pawel.baj@pw.edu.pl\" target=\"_blank\">pawel.baj@pw.edu.pl<\/a><\/em><\/p>\n\n\n\n<h4 class=\"wp-block-heading\">Zadania:<\/h4>\n\n\n\n<ul class=\"wp-block-list\">\n<li>zarz\u0105dzanie projektem<\/li>\n\n\n\n<li>przygotowanie stanowiska badawczego<\/li>\n\n\n\n<li>walidacja stanowiska badawczego<\/li>\n\n\n\n<li>kalibracja stanowiska badawczego do stanu w kt\u00f3rym pojawi\u0105 si\u0119 si\u0119 badane struktury pola przep\u0142ywu<\/li>\n\n\n\n<li>przeprowadzenie kampanii pomiarowych<\/li>\n\n\n\n<li>analiza danych eksperymentalnych<\/li>\n\n\n\n<li>zarz\u0105dzanie danymi<\/li>\n\n\n\n<li>koordynacja wsp\u00f3\u0142pracy z NTNU<\/li>\n<\/ul>\n<\/div>\n\n\n\n<div class=\"wp-block-group is-vertical is-layout-flex wp-container-core-group-is-layout-8cf370e7 wp-block-group-is-layout-flex\">\n<hr class=\"wp-block-separator has-alpha-channel-opacity\"\/>\n\n\n\n<h2 class=\"wp-block-heading\">dr in\u017c. Tomasz Bobi\u0144ski<\/h2>\n\n\n\n<p><em>wykonawca<br>email: <a rel=\"noreferrer noopener\" href=\"mailto:tomasz.bobinski@pw.edu.pl\" data-type=\"mailto\" data-id=\"mailto:tomasz.bobinski@pw.edu.pl\" target=\"_blank\">tomasz.bobinski@pw.edu.pl<\/a><\/em><\/p>\n\n\n\n<h4 class=\"wp-block-heading\">Zadania:<\/h4>\n\n\n\n<ul class=\"wp-block-list\">\n<li>pomoc przy przygotowaniu stanowiska badawczego<\/li>\n\n\n\n<li>pomoc przy przeprowadzeniu kampanii pomiarowych <\/li>\n\n\n\n<li>pomoc przy analizie danych eksperymentalnych<\/li>\n<\/ul>\n<\/div>\n\n\n\n<div class=\"wp-block-group is-vertical is-layout-flex wp-container-core-group-is-layout-8cf370e7 wp-block-group-is-layout-flex\">\n<hr class=\"wp-block-separator has-alpha-channel-opacity\"\/>\n\n\n\n<h2 class=\"wp-block-heading\">mgr in\u017c. Konrad Gumowski<\/h2>\n\n\n\n<p><em>stanowisko pomocnicze<br>email: <a rel=\"noreferrer noopener\" href=\"mailto:konrad.gumowski@pw.edu.pl\" data-type=\"mailto\" data-id=\"mailto:konrad.gumowski@pw.edu.pl\" target=\"_blank\"><\/a><a href=\"mailto:konrad.gumowski@pw.edu.pl\">konrad.gumowski@pw.edu.pl<\/a><\/em><\/p>\n\n\n\n<h4 class=\"wp-block-heading\">Zadania:<\/h4>\n\n\n\n<ul class=\"wp-block-list\">\n<li>pomoc przy przygotowaniu i testowaniu stanowiska badawczego<\/li>\n\n\n\n<li>pomoc przy utrzymaniu stanowiska badawczego<\/li>\n\n\n\n<li>pomoc przy przygotowaniu oprogramowania silnik\u00f3w krokowych<\/li>\n<\/ul>\n<\/div>\n\n\n\n<div class=\"wp-block-group is-vertical is-layout-flex wp-container-core-group-is-layout-8cf370e7 wp-block-group-is-layout-flex\">\n<hr class=\"wp-block-separator has-alpha-channel-opacity\"\/>\n\n\n\n<h2 class=\"wp-block-heading\">in\u017c. Magdalena Majewska<\/h2>\n\n\n\n<p><em>stanowisko administracyjne<br>email: <a rel=\"noreferrer noopener\" href=\"mailto:magdalena.majewska@pw.edu.pl\" data-type=\"mailto\" data-id=\"mailto:magdalena.majewska@pw.edu.pl\" target=\"_blank\">magdalena.majewska@pw.edu.pl<\/a><\/em><\/p>\n\n\n\n<h4 class=\"wp-block-heading\">Zadania:<\/h4>\n\n\n\n<ul class=\"wp-block-list\">\n<li>pomoc przy zarz\u0105dzniu projektem<\/li>\n\n\n\n<li>prowadzenie strony internetowej projektu<\/li>\n\n\n\n<li>zarz\u0105dzanie planem komunikacji<\/li>\n<\/ul>\n<\/div>\n\n\n\n<hr class=\"wp-block-separator has-alpha-channel-opacity\"\/>\n\n\n<p><!-- \/wp:post-content --><\/p>\n<p><!-- wp:image {\"align\":\"center\",\"id\":6,\"sizeSlug\":\"full\",\"linkDestination\":\"none\"} --><\/p>\n<figure class=\"wp-block-image aligncenter size-full\"><img data-recalc-dims=\"1\" loading=\"lazy\" decoding=\"async\" width=\"303\" height=\"125\" class=\"wp-image-6\" src=\"https:\/\/i0.wp.com\/pols.meil.pw.edu.pl\/wp-content\/uploads\/2022\/06\/pols.png?resize=303%2C125&#038;ssl=1\" alt=\"\" srcset=\"https:\/\/i0.wp.com\/pols.meil.pw.edu.pl\/wp-content\/uploads\/2022\/06\/pols.png?w=303&amp;ssl=1 303w, https:\/\/i0.wp.com\/pols.meil.pw.edu.pl\/wp-content\/uploads\/2022\/06\/pols.png?resize=300%2C124&amp;ssl=1 300w\" sizes=\"auto, (max-width: 303px) 100vw, 303px\" \/><\/figure>\n<p><!-- \/wp:image --><\/p>","protected":false},"excerpt":{"rendered":"<p>dr in\u017c. Pawe\u0142 Baj kierownik projektuemail: pawel.baj@pw.edu.pl Zadania: dr in\u017c. Tomasz Bobi\u0144ski wykonawcaemail: tomasz.bobinski@pw.edu.pl Zadania: mgr in\u017c. Konrad Gumowski stanowisko pomocniczeemail: konrad.gumowski@pw.edu.pl Zadania: in\u017c. Magdalena Majewska stanowisko administracyjneemail: magdalena.majewska@pw.edu.pl Zadania:<\/p>\n","protected":false},"author":2,"featured_media":0,"parent":0,"menu_order":0,"comment_status":"closed","ping_status":"closed","template":"page-templates\/full-width.php","meta":{"footnotes":""},"class_list":["post-49","page","type-page","status-publish","hentry"],"jetpack_sharing_enabled":true,"_links":{"self":[{"href":"https:\/\/pols.meil.pw.edu.pl\/index.php?rest_route=\/wp\/v2\/pages\/49","targetHints":{"allow":["GET"]}}],"collection":[{"href":"https:\/\/pols.meil.pw.edu.pl\/index.php?rest_route=\/wp\/v2\/pages"}],"about":[{"href":"https:\/\/pols.meil.pw.edu.pl\/index.php?rest_route=\/wp\/v2\/types\/page"}],"author":[{"embeddable":true,"href":"https:\/\/pols.meil.pw.edu.pl\/index.php?rest_route=\/wp\/v2\/users\/2"}],"replies":[{"embeddable":true,"href":"https:\/\/pols.meil.pw.edu.pl\/index.php?rest_route=%2Fwp%2Fv2%2Fcomments&post=49"}],"version-history":[{"count":14,"href":"https:\/\/pols.meil.pw.edu.pl\/index.php?rest_route=\/wp\/v2\/pages\/49\/revisions"}],"predecessor-version":[{"id":232,"href":"https:\/\/pols.meil.pw.edu.pl\/index.php?rest_route=\/wp\/v2\/pages\/49\/revisions\/232"}],"wp:attachment":[{"href":"https:\/\/pols.meil.pw.edu.pl\/index.php?rest_route=%2Fwp%2Fv2%2Fmedia&parent=49"}],"curies":[{"name":"wp","href":"https:\/\/api.w.org\/{rel}","templated":true}]}}