{"id":71,"date":"2022-12-20T12:01:01","date_gmt":"2022-12-20T11:01:01","guid":{"rendered":"https:\/\/pols.meil.pw.edu.pl\/?page_id=71"},"modified":"2022-12-21T14:42:00","modified_gmt":"2022-12-21T13:42:00","slug":"aktualnosci","status":"publish","type":"page","link":"https:\/\/pols.meil.pw.edu.pl\/?page_id=71","title":{"rendered":"Aktualno\u015bci"},"content":{"rendered":"\n<div class=\"wp-block-query is-layout-flow wp-block-query-is-layout-flow\"><ul class=\"wp-block-post-template is-layout-flow wp-block-post-template-is-layout-flow\"><li class=\"wp-block-post post-178 post type-post status-publish format-standard hentry category-bez-kategorii\">\n<h2 class=\"wp-block-post-title\"><a href=\"https:\/\/pols.meil.pw.edu.pl\/?p=178\" target=\"_self\" >Konferencja APS DFD 2022<\/a><\/h2>\n\n\n\n<div class=\"wp-block-post-excerpt\"><p class=\"wp-block-post-excerpt__excerpt\">W dniach 20.11.2022 &#8211; 22.11.2022 w Indianapolis (USA) odbywa si\u0119 konferencja APS DFD 2022. W jej ramach zostanie przedstawiony referat pt. &#8222;Turbulence decay in a von K\u00e1rm\u00e1n swirling flow&#8221; prezentuj\u0105cy wyniki dotycz\u0105ce zanikania ruchu turbulentnego w przep\u0142ywie von K\u00e1rm\u00e1n uzyskane we wsp\u00f3\u0142pracy z NTNU. [link] <\/p><\/div>\n\n\n<hr class=\"wp-block-separator has-css-opacity\"\/>\n\n\n<div class=\"wp-block-post-date\"><time datetime=\"2022-11-20T08:00:43+01:00\">2022-11-20<\/time><\/div>\n<\/li><li class=\"wp-block-post post-202 post type-post status-publish format-standard hentry category-bez-kategorii-en\">\n<h2 class=\"wp-block-post-title\"><a href=\"https:\/\/pols.meil.pw.edu.pl\/?p=202&#038;lang=en\" target=\"_self\" >APS DFD 2022 conference<\/a><\/h2>\n\n\n\n<div class=\"wp-block-post-excerpt\"><p class=\"wp-block-post-excerpt__excerpt\">The APS DFD 2022 conference is held in Indianapolis (USA) from 20.11.2022 to 22.11.2022. A talk titled &#8222;Turbulence decay in a von K\u00e1rm\u00e1n swirling flow&#8221; is going to be delivered during this event. Results concerning turbulence decay in a von K\u00e1rm\u00e1n swirling flow obtained in collaboration with NTNU will be presented. [link] <\/p><\/div>\n\n\n<hr class=\"wp-block-separator has-css-opacity\"\/>\n\n\n<div class=\"wp-block-post-date\"><time datetime=\"2022-11-20T08:00:18+01:00\">2022-11-20<\/time><\/div>\n<\/li><li class=\"wp-block-post post-204 post type-post status-publish format-standard hentry category-bez-kategorii-en\">\n<h2 class=\"wp-block-post-title\"><a href=\"https:\/\/pols.meil.pw.edu.pl\/?p=204&#038;lang=en\" target=\"_self\" >EFMC14 conference<\/a><\/h2>\n\n\n\n<div class=\"wp-block-post-excerpt\"><p class=\"wp-block-post-excerpt__excerpt\">The EFMC14 conference is held in Athens (Greece) from 13.09.2022 to 16.09.2022. A talk titled &#8222;Large-scale motions in a baffled von K\u00e1rm\u00e1n tank&#8221; is going to be delivered during this event. Results concerning the velocity field measurements obtained in our new experimental facility will be presented. [link] <\/p><\/div>\n\n\n<hr class=\"wp-block-separator has-css-opacity\"\/>\n\n\n<div class=\"wp-block-post-date\"><time datetime=\"2022-09-14T08:00:45+02:00\">2022-09-14<\/time><\/div>\n<\/li><li class=\"wp-block-post post-176 post type-post status-publish format-standard hentry category-bez-kategorii\">\n<h2 class=\"wp-block-post-title\"><a href=\"https:\/\/pols.meil.pw.edu.pl\/?p=176\" target=\"_self\" >Konferencja EFMC14<\/a><\/h2>\n\n\n\n<div class=\"wp-block-post-excerpt\"><p class=\"wp-block-post-excerpt__excerpt\">W dniach 13.09.2022 &#8211; 16.09.2022 w Atenach (Grecja) odbywa si\u0119 konferencja EFMC14. W jej ramach zostanie przedstawiony referat pt. &#8222;Large-scale motions in a baffled von K\u00e1rm\u00e1n tank&#8221; prezentuj\u0105cy wyniki pomiar\u00f3w pola pr\u0119dko\u015bci uzyskane na naszym stanwisku eksperymentalnym. [link] <\/p><\/div>\n\n\n<hr class=\"wp-block-separator has-css-opacity\"\/>\n\n\n<div class=\"wp-block-post-date\"><time datetime=\"2022-09-14T08:00:26+02:00\">2022-09-14<\/time><\/div>\n<\/li><li class=\"wp-block-post post-206 post type-post status-publish format-standard hentry category-bez-kategorii-en\">\n<h2 class=\"wp-block-post-title\"><a href=\"https:\/\/pols.meil.pw.edu.pl\/?p=206&#038;lang=en\" target=\"_self\" >FMC 2022 conference<\/a><\/h2>\n\n\n\n<div class=\"wp-block-post-excerpt\"><p class=\"wp-block-post-excerpt__excerpt\">The EFMC14 conference is held in Rzesz\u00f3w (Poland) from 7.09.2022 to 9.09.2022. A talk titled &#8222;Large-scale motions in a baffled von K\u00e1rm\u00e1n tank&#8221; is going to be delivered during this event. Results concerning the velocity field measurements obtained in our new experimental facility will be presented. [link] <\/p><\/div>\n\n\n<hr class=\"wp-block-separator has-css-opacity\"\/>\n\n\n<div class=\"wp-block-post-date\"><time datetime=\"2022-09-09T08:00:10+02:00\">2022-09-09<\/time><\/div>\n<\/li><li class=\"wp-block-post post-174 post type-post status-publish format-standard hentry category-bez-kategorii\">\n<h2 class=\"wp-block-post-title\"><a href=\"https:\/\/pols.meil.pw.edu.pl\/?p=174\" target=\"_self\" >Konferencja FMC 2022<\/a><\/h2>\n\n\n\n<div class=\"wp-block-post-excerpt\"><p class=\"wp-block-post-excerpt__excerpt\">W dniach 7.09.2022 &#8211; 9.09.2022 w Rzeszowie (Polska) odbywa si\u0119 konferencja FMC 2022. W jej ramach zostanie przedstawiony referat pt. &#8222;Large-scale motions in a baffled von K\u00e1rm\u00e1n tank&#8221; prezentuj\u0105cy wyniki pomiar\u00f3w pola pr\u0119dko\u015bci uzyskane na naszym stanwisku eksperymentalnym. [link] <\/p><\/div>\n\n\n<hr class=\"wp-block-separator has-css-opacity\"\/>\n\n\n<div class=\"wp-block-post-date\"><time datetime=\"2022-09-09T08:00:01+02:00\">2022-09-09<\/time><\/div>\n<\/li><li class=\"wp-block-post post-200 post type-post status-publish format-standard hentry category-bez-kategorii-en\">\n<h2 class=\"wp-block-post-title\"><a href=\"https:\/\/pols.meil.pw.edu.pl\/?p=200&#038;lang=en\" target=\"_self\" >Early PIV results!<\/a><\/h2>\n\n\n\n<div class=\"wp-block-post-excerpt\"><p class=\"wp-block-post-excerpt__excerpt\">We have managed to get the very first velocity field measurements through PIV. We are looking forward to the coming measurement campaigns. <\/p><\/div>\n\n\n<hr class=\"wp-block-separator has-css-opacity\"\/>\n\n\n<div class=\"wp-block-post-date\"><time datetime=\"2022-07-07T08:00:21+02:00\">2022-07-07<\/time><\/div>\n<\/li><li class=\"wp-block-post post-170 post type-post status-publish format-standard hentry category-bez-kategorii\">\n<h2 class=\"wp-block-post-title\"><a href=\"https:\/\/pols.meil.pw.edu.pl\/?p=170\" target=\"_self\" >Pierwsze wyniki PIV<\/a><\/h2>\n\n\n\n<div class=\"wp-block-post-excerpt\"><p class=\"wp-block-post-excerpt__excerpt\">Uda\u0142o si\u0119 uzyska\u0107 pierwsze wyniki pomiaru pola pr\u0119dko\u015bci metod\u0105 PIV. Ci\u0105g dalszy kampanii pomiarowych ju\u017c niebawem. <\/p><\/div>\n\n\n<hr class=\"wp-block-separator has-css-opacity\"\/>\n\n\n<div class=\"wp-block-post-date\"><time datetime=\"2022-07-05T08:00:24+02:00\">2022-07-05<\/time><\/div>\n<\/li><li class=\"wp-block-post post-162 post type-post status-publish format-standard hentry category-bez-kategorii\">\n<h2 class=\"wp-block-post-title\"><a href=\"https:\/\/pols.meil.pw.edu.pl\/?p=162\" target=\"_self\" >Stanowisko gotowe!<\/a><\/h2>\n\n\n\n<div class=\"wp-block-post-excerpt\"><p class=\"wp-block-post-excerpt__excerpt\">Dzi\u015b uko\u0144czona zosta\u0142a budowa stanowiska eksperymentalnego. Teraz czekaj\u0105 nas prace nad jego walidacj\u0105 i kalibracj\u0105. <\/p><\/div>\n\n\n<hr class=\"wp-block-separator has-css-opacity\"\/>\n\n\n<div class=\"wp-block-post-date\"><time datetime=\"2022-04-12T08:00:46+02:00\">2022-04-12<\/time><\/div>\n<\/li><li class=\"wp-block-post post-210 post type-post status-publish format-standard hentry category-bez-kategorii-en\">\n<h2 class=\"wp-block-post-title\"><a href=\"https:\/\/pols.meil.pw.edu.pl\/?p=210&#038;lang=en\" target=\"_self\" >Facility is ready!<\/a><\/h2>\n\n\n\n<div class=\"wp-block-post-excerpt\"><p class=\"wp-block-post-excerpt__excerpt\">The construction of the new von K\u00e1rm\u00e1n experimental rig was finalised today. Now we are heading towards validation and calibration of the facility. <\/p><\/div>\n\n\n<hr class=\"wp-block-separator has-css-opacity\"\/>\n\n\n<div class=\"wp-block-post-date\"><time datetime=\"2022-04-12T08:00:36+02:00\">2022-04-12<\/time><\/div>\n<\/li><li class=\"wp-block-post post-172 post type-post status-publish format-standard hentry category-bez-kategorii\">\n<h2 class=\"wp-block-post-title\"><a href=\"https:\/\/pols.meil.pw.edu.pl\/?p=172\" target=\"_self\" >Seminarium ITLiMS PW<\/a><\/h2>\n\n\n\n<div class=\"wp-block-post-excerpt\"><p class=\"wp-block-post-excerpt__excerpt\">Dzi\u015b odby\u0142o si\u0119 seminarium Instytutu Techniki Lotniczej i Mechaniki Stosowanej Politechniki Warszawskiej (ITLiMS PW). Podczas seminarium przedstawiona zosta\u0142a prezentacja pt. &#8222;Investigating the structure of the velocity field in a baffled turbulent Von K\u00e1rm\u00e1n flow&#8221; dotycz\u0105ca za\u0142o\u017ce\u0144 i cel\u00f3w projektu POLS. <\/p><\/div>\n\n\n<hr class=\"wp-block-separator has-css-opacity\"\/>\n\n\n<div class=\"wp-block-post-date\"><time datetime=\"2022-03-22T08:00:25+01:00\">2022-03-22<\/time><\/div>\n<\/li><li class=\"wp-block-post post-208 post type-post status-publish format-standard hentry category-bez-kategorii-en\">\n<h2 class=\"wp-block-post-title\"><a href=\"https:\/\/pols.meil.pw.edu.pl\/?p=208&#038;lang=en\" target=\"_self\" >IAAM WUT seminar<\/a><\/h2>\n\n\n\n<div class=\"wp-block-post-excerpt\"><p class=\"wp-block-post-excerpt__excerpt\">A scientific seminar is organised today by the Institute of Aeronautics and Applied Mechanics of Warsaw University of Technology (IAAM WUT). A talk titled \u201cInvestigating the structure of the velocity field in a baffled turbulent Von K\u00e1rm\u00e1n flow\u201d is going to be delivered during this event. It will focus on the assumptions and goals of&hellip; <\/p><\/div>\n\n\n<hr class=\"wp-block-separator has-css-opacity\"\/>\n\n\n<div class=\"wp-block-post-date\"><time datetime=\"2022-03-22T08:00:11+01:00\">2022-03-22<\/time><\/div>\n<\/li><\/ul><\/div>\n\n\n\n<hr class=\"wp-block-separator has-alpha-channel-opacity\"\/>\n\n\n<p><!-- \/wp:post-content --><\/p>\n<p><!-- wp:image {\"align\":\"center\",\"id\":6,\"sizeSlug\":\"full\",\"linkDestination\":\"none\"} --><\/p>\n<figure class=\"wp-block-image aligncenter size-full\"><img data-recalc-dims=\"1\" loading=\"lazy\" decoding=\"async\" width=\"303\" height=\"125\" class=\"wp-image-6\" src=\"https:\/\/i0.wp.com\/pols.meil.pw.edu.pl\/wp-content\/uploads\/2022\/06\/pols.png?resize=303%2C125&#038;ssl=1\" alt=\"\" srcset=\"https:\/\/i0.wp.com\/pols.meil.pw.edu.pl\/wp-content\/uploads\/2022\/06\/pols.png?w=303&amp;ssl=1 303w, https:\/\/i0.wp.com\/pols.meil.pw.edu.pl\/wp-content\/uploads\/2022\/06\/pols.png?resize=300%2C124&amp;ssl=1 300w\" sizes=\"auto, (max-width: 303px) 100vw, 303px\" \/><\/figure>\n<p><!-- \/wp:image --><\/p>","protected":false},"excerpt":{"rendered":"","protected":false},"author":2,"featured_media":0,"parent":0,"menu_order":0,"comment_status":"closed","ping_status":"closed","template":"page-templates\/full-width.php","meta":{"footnotes":""},"class_list":["post-71","page","type-page","status-publish","hentry"],"jetpack_sharing_enabled":true,"_links":{"self":[{"href":"https:\/\/pols.meil.pw.edu.pl\/index.php?rest_route=\/wp\/v2\/pages\/71","targetHints":{"allow":["GET"]}}],"collection":[{"href":"https:\/\/pols.meil.pw.edu.pl\/index.php?rest_route=\/wp\/v2\/pages"}],"about":[{"href":"https:\/\/pols.meil.pw.edu.pl\/index.php?rest_route=\/wp\/v2\/types\/page"}],"author":[{"embeddable":true,"href":"https:\/\/pols.meil.pw.edu.pl\/index.php?rest_route=\/wp\/v2\/users\/2"}],"replies":[{"embeddable":true,"href":"https:\/\/pols.meil.pw.edu.pl\/index.php?rest_route=%2Fwp%2Fv2%2Fcomments&post=71"}],"version-history":[{"count":9,"href":"https:\/\/pols.meil.pw.edu.pl\/index.php?rest_route=\/wp\/v2\/pages\/71\/revisions"}],"predecessor-version":[{"id":234,"href":"https:\/\/pols.meil.pw.edu.pl\/index.php?rest_route=\/wp\/v2\/pages\/71\/revisions\/234"}],"wp:attachment":[{"href":"https:\/\/pols.meil.pw.edu.pl\/index.php?rest_route=%2Fwp%2Fv2%2Fmedia&parent=71"}],"curies":[{"name":"wp","href":"https:\/\/api.w.org\/{rel}","templated":true}]}}